{"id":96,"date":"2019-09-26T14:47:43","date_gmt":"2019-09-26T12:47:43","guid":{"rendered":"https:\/\/meinbabyparadies.de\/?page_id=96"},"modified":"2023-01-06T22:25:30","modified_gmt":"2023-01-06T21:25:30","slug":"impressum","status":"publish","type":"page","link":"https:\/\/reborn-art.com\/?page_id=96","title":{"rendered":"Impressum"},"content":{"rendered":"<p style=\"padding-left: 80px;\">Dagmar Brodner<br data-rich-text-line-break=\"true\" \/>Gut Insel 33 b<br data-rich-text-line-break=\"true\" \/>48151 M\u00fcnster<br data-rich-text-line-break=\"true\" \/>Telefon: 0251-792192<br data-rich-text-line-break=\"true\" \/>Email: reborn-art@t-online.de<br data-rich-text-line-break=\"true\" \/>Homepage: www.reborn-art.com<\/p>\n<p style=\"padding-left: 80px;\">\u00a0<\/p>\n<p style=\"padding-left: 80px;\">Texte, Bilder und Graphiken sind Urheber rechtlich gesch\u00fctzt.\u00a0<\/p>\n<p style=\"padding-left: 80px;\">Die Rechte an Inhalt und Gestaltung liegen, soweit nicht anders vermerkt bei Dagmar Brodner.<\/p>\n<p style=\"padding-left: 80px;\">Jegliche Vervielf\u00e4ltigung, auch auszugsweise f\u00fcr \u00f6ffentliche oder kommerzielle Zwecke ist ohne meine ausdr\u00fcckliche, schriftliche Genehmigung untersagt.<\/p>\n\n\n<p><\/p>\n","protected":false},"excerpt":{"rendered":"<p>Dagmar BrodnerGut Insel 33 b48151 M\u00fcnsterTelefon: 0251-792192Email: reborn-art@t-online.deHomepage: www.reborn-art.com \u00a0 Texte, Bilder und Graphiken sind Urheber rechtlich gesch\u00fctzt.\u00a0 Die Rechte an Inhalt und Gestaltung liegen,&hellip;<\/p>\n","protected":false},"author":1,"featured_media":0,"parent":0,"menu_order":0,"comment_status":"closed","ping_status":"closed","template":"","meta":{"footnotes":""},"class_list":["post-96","page","type-page","status-publish","hentry"],"_links":{"self":[{"href":"https:\/\/reborn-art.com\/index.php?rest_route=\/wp\/v2\/pages\/96","targetHints":{"allow":["GET"]}}],"collection":[{"href":"https:\/\/reborn-art.com\/index.php?rest_route=\/wp\/v2\/pages"}],"about":[{"href":"https:\/\/reborn-art.com\/index.php?rest_route=\/wp\/v2\/types\/page"}],"author":[{"embeddable":true,"href":"https:\/\/reborn-art.com\/index.php?rest_route=\/wp\/v2\/users\/1"}],"replies":[{"embeddable":true,"href":"https:\/\/reborn-art.com\/index.php?rest_route=%2Fwp%2Fv2%2Fcomments&post=96"}],"version-history":[{"count":0,"href":"https:\/\/reborn-art.com\/index.php?rest_route=\/wp\/v2\/pages\/96\/revisions"}],"wp:attachment":[{"href":"https:\/\/reborn-art.com\/index.php?rest_route=%2Fwp%2Fv2%2Fmedia&parent=96"}],"curies":[{"name":"wp","href":"https:\/\/api.w.org\/{rel}","templated":true}]}}