{"id":40,"date":"2019-09-25T23:26:26","date_gmt":"2019-09-25T21:26:26","guid":{"rendered":"http:\/\/meinbabyparadies.de\/?page_id=40"},"modified":"2020-05-23T18:46:14","modified_gmt":"2020-05-23T16:46:14","slug":"entstehung","status":"publish","type":"page","link":"https:\/\/reborn-art.com\/?page_id=40","title":{"rendered":"Entstehung"},"content":{"rendered":"\n<div style=\"height:20px\" aria-hidden=\"true\" class=\"wp-block-spacer\"><\/div>\n\n\n<p style=\"padding-left: 40px; text-align: justify;\">Das Rebornen ist ein umfangreicher und zeitaufw\u00e4ndiger Prozess. Nach und nach wird in liebevoller Handarbeit und mit sehr viel Fingerspitzengef\u00fchl ein unscheinbarer Bausatz in das lebensechte Ebenbild eines Babys verwandelt, das dem Charme eines echten S\u00e4uglings in Nichts nachsteht.<\/p>\n\n\n<div style=\"height:20px\" aria-hidden=\"true\" class=\"wp-block-spacer\"><\/div>\n\n\n<p style=\"padding-left: 40px; text-align: justify;\">Zuerst m\u00fcssen die Vinyteile gr\u00fcndlich entfettet und ges\u00e4ubert werden. Dies ist als Grundlage f\u00fcr die sp\u00e4tere Farbgestaltung sehr wichtig, um sp\u00e4ter unsch\u00f6ne R\u00e4nder und Flecken zu vermeiden.<\/p>\n\n\n<div style=\"height:20px\" aria-hidden=\"true\" class=\"wp-block-spacer\"><\/div>\n\n\n<p style=\"padding-left: 40px; text-align: justify;\">Um einen realistisch wirkenden Babyteint (RealSkin) zu erzielen, benutze ich Genesis Heat Set Paints. In vielen einzelnen Arbeitsschritten enstehen die zarten T\u00f6nungen, die winzigen \u00c4derchen und die typischen Babyflecken. Jedes einzelne der s\u00fc\u00dfen Speckf\u00e4ltchen wird schattiert. Bei gleichm\u00e4\u00dfiger Temperatur werden die Vinylteile erhitzt und so die Farbschichten fixiert. Erst dadurch sind sie permanent haltbar.<\/p>\n\n\n<div style=\"height:20px\" aria-hidden=\"true\" class=\"wp-block-spacer\"><\/div>\n\n\n<p style=\"padding-left: 40px; text-align: justify;\">Bei den heutigen Baus\u00e4tzen sind die Naseng\u00e4nge so modelliert, dass sie nicht wie fr\u00fcher \u00fcblich, ge\u00f6ffnet werden m\u00fcssen. Sie werden farblich schattiert und leicht geglosst.<\/p>\n\n\n<div style=\"height:20px\" aria-hidden=\"true\" class=\"wp-block-spacer\"><\/div>\n\n\n<p style=\"padding-left: 40px; text-align: justify;\">Auch die feinen Fu\u00df- und Fingern\u00e4gelchen werden realistisch gef\u00e4rbt. Sie erhalten einen hauchd\u00fcnnen Nagelstrich und werden dann dauerhaft versiegelt.<\/p>\n\n\n<div style=\"height:20px\" aria-hidden=\"true\" class=\"wp-block-spacer\"><\/div>\n\n\n<p style=\"padding-left: 40px; text-align: justify;\">Alle Wachbabys erhalten ausdrucksstarke Lauscha HQ Kristallglasaugen, um ihnen den so typischen Babyblick zu geben.<\/p>\n\n\n<div style=\"height:20px\" aria-hidden=\"true\" class=\"wp-block-spacer\"><\/div>\n\n\n<p style=\"padding-left: 40px; text-align: justify;\">Ebenso wichtig wie das Aussehen , ist das Gef\u00fchl, das es vermittelt, wenn man es in den Arm nimmt. Alle Babys erhalten einen hochwertigen Scheibengelenkk\u00f6rper. Durch die Gelenke ist der K\u00f6rper sehr beweglich und kann ich jede erdenkliche Lage gebracht werden. Damit er sch\u00f6n anschmiegsam ist, wird er mit weichem Fiberfill gef\u00fcllt. F\u00fcr das n\u00f6tige Gewicht sorgen verschieden schwere\u00a0 Materialien wie Glas-, Stahl- und Gummigranulat. Beim K\u00f6pfchen ist der richtige Schwerpunkt wichtig, damit das K\u00f6pfchen, wie bei einem echten S\u00e4ugling, in den Nacken f\u00e4llt.<\/p>\n\n\n<div style=\"height:20px\" aria-hidden=\"true\" class=\"wp-block-spacer\"><\/div>\n\n\n<p style=\"padding-left: 40px; text-align: justify;\">Eines der absoluten Highlights beim Rebornen ist f\u00fcr mich das Einkleiden. Jedes Baby erh\u00e4lt ein s\u00fc\u00dfes Baby-Outfit, Hier kann ich dann meiner Lust fr\u00f6nen, stundenlang in den Babyabteilungen nach den sch\u00f6nsten Babysachen zu st\u00f6bern.<\/p>\n\n\n<div style=\"height:20px\" aria-hidden=\"true\" class=\"wp-block-spacer\"><\/div>\n\n\n<p style=\"padding-left: 40px; text-align: justify;\">F\u00fcr jedes Baby wird ein Schnuller modifiziert und h\u00e4lt dann durch Magnetkraft. Da dies f\u00fcr Personen mit einem Herzschrittmacher gef\u00e4hrlich ist, kann dieser auf Wunsch nat\u00fcrlich auch wieder entfernt werden.<\/p>\n\n\n<div style=\"height:20px\" aria-hidden=\"true\" class=\"wp-block-spacer\"><\/div>\n\n\n<p style=\"padding-left: 40px; text-align: justify;\">Dann geht es auf zum Foto-Shooting. Ich mache Fotos aus allen m\u00f6glichen Blickwinkeln, damit man sich auch ein richtiges Bild von ihr machen kann. Ich benutze keinen Blitz, sondern nur Tageslicht oder bei tr\u00fcbem Wetter zus\u00e4tzlich die Tageslichtlampe. Auch werden die Fotos nicht am Computer nachbearbeitet.<\/p>\n\n\n<div style=\"height:20px\" aria-hidden=\"true\" class=\"wp-block-spacer\"><\/div>\n\n\n<p style=\"padding-left: 40px;\">Wenn das alles erledigt ist, wird die kleine Maus sch\u00f6n und sicher verpackt und wartet dann nur noch auf ihre Abreise.<\/p>","protected":false},"excerpt":{"rendered":"<p>Das Rebornen ist ein umfangreicher und zeitaufw\u00e4ndiger Prozess. Nach und nach wird in liebevoller Handarbeit und mit sehr viel Fingerspitzengef\u00fchl ein unscheinbarer Bausatz in das&hellip;<\/p>\n","protected":false},"author":1,"featured_media":0,"parent":0,"menu_order":0,"comment_status":"closed","ping_status":"closed","template":"","meta":{"footnotes":""},"class_list":["post-40","page","type-page","status-publish","hentry"],"_links":{"self":[{"href":"https:\/\/reborn-art.com\/index.php?rest_route=\/wp\/v2\/pages\/40","targetHints":{"allow":["GET"]}}],"collection":[{"href":"https:\/\/reborn-art.com\/index.php?rest_route=\/wp\/v2\/pages"}],"about":[{"href":"https:\/\/reborn-art.com\/index.php?rest_route=\/wp\/v2\/types\/page"}],"author":[{"embeddable":true,"href":"https:\/\/reborn-art.com\/index.php?rest_route=\/wp\/v2\/users\/1"}],"replies":[{"embeddable":true,"href":"https:\/\/reborn-art.com\/index.php?rest_route=%2Fwp%2Fv2%2Fcomments&post=40"}],"version-history":[{"count":0,"href":"https:\/\/reborn-art.com\/index.php?rest_route=\/wp\/v2\/pages\/40\/revisions"}],"wp:attachment":[{"href":"https:\/\/reborn-art.com\/index.php?rest_route=%2Fwp%2Fv2%2Fmedia&parent=40"}],"curies":[{"name":"wp","href":"https:\/\/api.w.org\/{rel}","templated":true}]}}