{"id":37,"date":"2019-09-25T23:17:52","date_gmt":"2019-09-25T21:17:52","guid":{"rendered":"http:\/\/meinbabyparadies.de\/?page_id=37"},"modified":"2020-06-26T14:20:08","modified_gmt":"2020-06-26T12:20:08","slug":"persoenliches","status":"publish","type":"page","link":"https:\/\/reborn-art.com\/?page_id=37","title":{"rendered":"Pers\u00f6nliches"},"content":{"rendered":"\n<div style=\"height:20px\" aria-hidden=\"true\" class=\"wp-block-spacer\"><\/div>\n\n\n<p style=\"padding-left: 40px; text-align: justify;\">Damit ihr wisst, wer in meiner kleinen Puppenwerkstatt schaltet und waltet, m\u00f6chte ich mich kurz vorstellen:<\/p>\n\n\n<div style=\"height:20px\" aria-hidden=\"true\" class=\"wp-block-spacer\"><\/div>\n\n\n<p style=\"padding-left: 40px; text-align: justify;\">Mein Name ist Dagmar, kurz Mari genannt. Ich bin 60 Jahre alt und seit nun mehr 40 Jahren gl\u00fccklich verheiratet. Wir haben 5 Kinder, nebst Schwiegerkindern, 5 quirlige Enkels\u00f6hne und 5 zauberhafte Enkelt\u00f6chter. Seit 18 Jahren ist das Rebornen meine gro\u00dfe Leidenschaft. Manchmal sehr zum Leidwesen meiner Familie. Denn wenn ich erst einmal in meiner Werkstatt verschwunden bin, vergesse ich alles um mich herum. Es fasziniert mich immer wieder, wie aus einem unscheinbaren Bausatz eine realistische Imitation eines echten Babys wird. Ein Leben ohne mein Hobby k\u00f6nnte ich mir einfach nicht vorstellen.<\/p>\n\n\n<div style=\"height:20px\" aria-hidden=\"true\" class=\"wp-block-spacer\"><\/div>\n\n\n<p style=\"padding-left: 40px; text-align: justify;\">Zum Rebornen kam ich, wie die Meisten, durch einen puren Zufall. Beim St\u00f6bern auf Ebay bin ich auf Reallife-Babys gesto\u00dfen. Zwar waren die Reallife-Babys von damals nicht mal ann\u00e4hernd mit heutigen Standard zu vergleichen, aber ich konnte kaum glauben, dass das wirklich nur Puppen sein sollten. Schon nach kurzer Zeit war mir klar:\u00a0<\/p>\n\n\n<div style=\"height:20px\" aria-hidden=\"true\" class=\"wp-block-spacer\"><\/div>\n\n\n<p style=\"padding-left: 40px;\"><strong data-rich-text-format-boundary=\"true\">Das will ich auch machen!<\/strong><\/p>\n\n\n<div style=\"height:20px\" aria-hidden=\"true\" class=\"wp-block-spacer\"><\/div>\n\n\n\n<p style=\"--ek-indent:40px\" class=\"has-text-align-justify has-ek-indent\">Als ich mit diesem Hobby begann, war es gar nicht so einfach an Informationen zu kommen. Ich habe endlos im Internet recherchiert, um mich \u00fcber die Technik und die ben\u00f6tigten Materialien zu informieren. Leider gab es noch keine Kurse so wie heute. Also hie\u00df die Devise: Learning by Doing! Daran hat sich bis heute auch nichts ge\u00e4ndert. Es gibt ja st\u00e4ndig neue Methoden, die es zu testen gilt. Manches davon habe ich \u00fcbernommen, einiges abgewandelt und anderes weiterentwickelt oder durch eigene Ideen ersetzt. So habe ich schlie\u00dflich meinen ganz eigenen Weg gefunden. <\/p>\n\n\n\n<div style=\"height:20px\" aria-hidden=\"true\" class=\"wp-block-spacer\"><\/div>\n\n\n<p style=\"padding-left: 40px; text-align: justify;\">Eine sorgf\u00e4ltige Arbeit, insbesondere das F\u00e4rben und Rooten nimmt sehr viel Zeit in Anspruch. Da kann es schon mal ein Weilchen dauern, bis so eine kleine Maus fertig ist. Es ist f\u00fcr mich jedoch nicht so wichtig, m\u00f6glichst viele Puppen herzustellen, sondern mit Ruhe und Sorgfalt ein Reborn-Baby entstehen zu lassen, das diesen Namen auch verdient.<\/p>\n\n\n<p><\/p>\n","protected":false},"excerpt":{"rendered":"<p>Damit ihr wisst, wer in meiner kleinen Puppenwerkstatt schaltet und waltet, m\u00f6chte ich mich kurz vorstellen: Mein Name ist Dagmar, kurz Mari genannt. Ich bin&hellip;<\/p>\n","protected":false},"author":1,"featured_media":0,"parent":0,"menu_order":0,"comment_status":"closed","ping_status":"closed","template":"","meta":{"footnotes":""},"class_list":["post-37","page","type-page","status-publish","hentry"],"_links":{"self":[{"href":"https:\/\/reborn-art.com\/index.php?rest_route=\/wp\/v2\/pages\/37","targetHints":{"allow":["GET"]}}],"collection":[{"href":"https:\/\/reborn-art.com\/index.php?rest_route=\/wp\/v2\/pages"}],"about":[{"href":"https:\/\/reborn-art.com\/index.php?rest_route=\/wp\/v2\/types\/page"}],"author":[{"embeddable":true,"href":"https:\/\/reborn-art.com\/index.php?rest_route=\/wp\/v2\/users\/1"}],"replies":[{"embeddable":true,"href":"https:\/\/reborn-art.com\/index.php?rest_route=%2Fwp%2Fv2%2Fcomments&post=37"}],"version-history":[{"count":0,"href":"https:\/\/reborn-art.com\/index.php?rest_route=\/wp\/v2\/pages\/37\/revisions"}],"wp:attachment":[{"href":"https:\/\/reborn-art.com\/index.php?rest_route=%2Fwp%2Fv2%2Fmedia&parent=37"}],"curies":[{"name":"wp","href":"https:\/\/api.w.org\/{rel}","templated":true}]}}