{"id":20,"date":"2019-09-25T22:43:31","date_gmt":"2019-09-25T20:43:31","guid":{"rendered":"http:\/\/meinbabyparadies.de\/?page_id=20"},"modified":"2021-10-16T22:31:48","modified_gmt":"2021-10-16T20:31:48","slug":"herzlich-willkommen","status":"publish","type":"page","link":"https:\/\/reborn-art.com\/","title":{"rendered":"Herzlich willkommen!"},"content":{"rendered":"\n<p><strong>in der Welt der zauberhaften Illusionen von echten Babys!<\/strong><\/p>\n\n\n\n<div style=\"height:20px\" aria-hidden=\"true\" class=\"wp-block-spacer\"><\/div>\n\n\n\n<div class=\"wp-block-image\"><figure class=\"alignright size-large\"><img loading=\"lazy\" decoding=\"async\" width=\"289\" height=\"289\" src=\"https:\/\/reborn-art.com\/wp-content\/uploads\/2020\/05\/logo-rund.jpg\" alt=\"\" class=\"wp-image-4196\" srcset=\"https:\/\/reborn-art.com\/wp-content\/uploads\/2020\/05\/logo-rund.jpg 289w, https:\/\/reborn-art.com\/wp-content\/uploads\/2020\/05\/logo-rund-150x150.jpg 150w\" sizes=\"auto, (max-width: 289px) 100vw, 289px\" \/><\/figure><\/div>\n\n\n\n<p>Schon seit 2002 gilt meine gro\u00dfe Leidenschaft der Rebornkunst.<br>Auf den folgenden Seiten k\u00f6nnt ihr etwas \u00fcber mich und mein <br>wunderbares Hobby erfahren.<\/p>\n\n\n\n<div style=\"height:20px\" aria-hidden=\"true\" class=\"wp-block-spacer\"><\/div>\n\n\n\n<p class=\"has-text-align-right\"><strong>Ich w\u00fcnsche euch viel Spa\u00df beim St\u00f6bern!<\/strong><\/p>\n","protected":false},"excerpt":{"rendered":"<p>in der Welt der zauberhaften Illusionen von echten Babys! Schon seit 2002 gilt meine gro\u00dfe Leidenschaft der Rebornkunst.Auf den folgenden Seiten k\u00f6nnt ihr etwas \u00fcber&hellip;<\/p>\n","protected":false},"author":1,"featured_media":0,"parent":0,"menu_order":0,"comment_status":"closed","ping_status":"closed","template":"","meta":{"footnotes":""},"class_list":["post-20","page","type-page","status-publish","hentry"],"_links":{"self":[{"href":"https:\/\/reborn-art.com\/index.php?rest_route=\/wp\/v2\/pages\/20","targetHints":{"allow":["GET"]}}],"collection":[{"href":"https:\/\/reborn-art.com\/index.php?rest_route=\/wp\/v2\/pages"}],"about":[{"href":"https:\/\/reborn-art.com\/index.php?rest_route=\/wp\/v2\/types\/page"}],"author":[{"embeddable":true,"href":"https:\/\/reborn-art.com\/index.php?rest_route=\/wp\/v2\/users\/1"}],"replies":[{"embeddable":true,"href":"https:\/\/reborn-art.com\/index.php?rest_route=%2Fwp%2Fv2%2Fcomments&post=20"}],"version-history":[{"count":0,"href":"https:\/\/reborn-art.com\/index.php?rest_route=\/wp\/v2\/pages\/20\/revisions"}],"wp:attachment":[{"href":"https:\/\/reborn-art.com\/index.php?rest_route=%2Fwp%2Fv2%2Fmedia&parent=20"}],"curies":[{"name":"wp","href":"https:\/\/api.w.org\/{rel}","templated":true}]}}